{"id":77,"date":"2022-12-01T21:23:06","date_gmt":"2022-12-01T19:23:06","guid":{"rendered":"https:\/\/camzl.com\/?page_id=77"},"modified":"2023-03-05T16:34:17","modified_gmt":"2023-03-05T14:34:17","slug":"video-chat","status":"publish","type":"page","link":"https:\/\/camzl.com\/de\/video-chat\/","title":{"rendered":"Video-Chat"},"content":{"rendered":"<div data-elementor-type=\"wp-page\" data-elementor-id=\"77\" class=\"elementor elementor-77\" data-elementor-post-type=\"page\">\n\t\t\t\t\t\t<section class=\"elementor-section elementor-top-section elementor-element elementor-element-6f92d4c elementor-section-boxed elementor-section-height-default elementor-section-height-default\" data-id=\"6f92d4c\" data-element_type=\"section\">\n\t\t\t\t\t\t<div class=\"elementor-container elementor-column-gap-default\">\n\t\t\t\t\t<div class=\"elementor-column elementor-col-100 elementor-top-column elementor-element elementor-element-7852e074\" data-id=\"7852e074\" data-element_type=\"column\">\n\t\t\t<div class=\"elementor-widget-wrap elementor-element-populated\">\n\t\t\t\t\t\t<div class=\"elementor-element elementor-element-37d402ee elementor-widget elementor-widget-heading\" data-id=\"37d402ee\" data-element_type=\"widget\" data-widget_type=\"heading.default\">\n\t\t\t\t<div class=\"elementor-widget-container\">\n\t\t\t<h2 class=\"elementor-heading-title elementor-size-default\">Video-Chat-Alternativen<\/h2>\t\t<\/div>\n\t\t\t\t<\/div>\n\t\t\t\t\t<\/div>\n\t\t<\/div>\n\t\t\t\t\t<\/div>\n\t\t<\/section>\n\t\t\t\t<section class=\"elementor-section elementor-top-section elementor-element elementor-element-22b27908 elementor-section-boxed elementor-section-height-default elementor-section-height-default\" data-id=\"22b27908\" data-element_type=\"section\">\n\t\t\t\t\t\t<div class=\"elementor-container elementor-column-gap-default\">\n\t\t\t\t\t<div class=\"elementor-column elementor-col-100 elementor-top-column elementor-element elementor-element-76f2d621\" data-id=\"76f2d621\" data-element_type=\"column\">\n\t\t\t<div class=\"elementor-widget-wrap elementor-element-populated\">\n\t\t\t\t\t\t<div class=\"elementor-element elementor-element-52767d0d elementor-grid-2 elementor-grid-tablet-2 elementor-grid-mobile-1 elementor-posts--thumbnail-top elementor-posts--show-avatar elementor-card-shadow-yes elementor-posts__hover-gradient elementor-widget elementor-widget-posts\" data-id=\"52767d0d\" data-element_type=\"widget\" data-settings=\"{&quot;pagination_type&quot;:&quot;load_more_infinite_scroll&quot;,&quot;cards_columns&quot;:&quot;2&quot;,&quot;cards_columns_tablet&quot;:&quot;2&quot;,&quot;cards_columns_mobile&quot;:&quot;1&quot;,&quot;cards_row_gap&quot;:{&quot;unit&quot;:&quot;px&quot;,&quot;size&quot;:35,&quot;sizes&quot;:[]},&quot;cards_row_gap_tablet&quot;:{&quot;unit&quot;:&quot;px&quot;,&quot;size&quot;:&quot;&quot;,&quot;sizes&quot;:[]},&quot;cards_row_gap_mobile&quot;:{&quot;unit&quot;:&quot;px&quot;,&quot;size&quot;:&quot;&quot;,&quot;sizes&quot;:[]},&quot;load_more_spinner&quot;:{&quot;value&quot;:&quot;fas fa-spinner&quot;,&quot;library&quot;:&quot;fa-solid&quot;}}\" data-widget_type=\"posts.cards\">\n\t\t\t\t<div class=\"elementor-widget-container\">\n\t\t\t\t\t<div class=\"elementor-posts-container elementor-posts elementor-posts--skin-cards elementor-grid\">\n\t\t\t\t<article class=\"elementor-post elementor-grid-item post-822 post type-post status-publish format-standard has-post-thumbnail hentry category-stranger-cam\">\n\t\t\t<div class=\"elementor-post__card\">\n\t\t\t\t<a class=\"elementor-post__thumbnail__link\" href=\"https:\/\/camzl.com\/de\/sympatia\/\" tabindex=\"-1\" ><div class=\"elementor-post__thumbnail\"><img fetchpriority=\"high\" decoding=\"async\" width=\"768\" height=\"512\" src=\"https:\/\/camzl.com\/wp-content\/uploads\/2024\/05\/Sympatia-768x512.jpg\" class=\"attachment-medium_large size-medium_large wp-image-823\" alt=\"Sympatia\" srcset=\"https:\/\/camzl.com\/wp-content\/uploads\/2024\/05\/Sympatia-768x512.jpg 768w, https:\/\/camzl.com\/wp-content\/uploads\/2024\/05\/Sympatia-300x200.jpg 300w, https:\/\/camzl.com\/wp-content\/uploads\/2024\/05\/Sympatia-1024x683.jpg 1024w, https:\/\/camzl.com\/wp-content\/uploads\/2024\/05\/Sympatia-18x12.jpg 18w, https:\/\/camzl.com\/wp-content\/uploads\/2024\/05\/Sympatia.jpg 1224w\" sizes=\"(max-width: 768px) 100vw, 768px\" \/><\/div><\/a>\n\t\t\t\t<div class=\"elementor-post__badge\">Fremde Kamera<\/div>\n\t\t\t\t<div class=\"elementor-post__avatar\">\n\t\t\t<img alt='CAMZL' src='https:\/\/secure.gravatar.com\/avatar\/c17ff7be0b83e7ecaf7f28ebe1557e14?s=128&#038;d=mm&#038;r=g' srcset='https:\/\/secure.gravatar.com\/avatar\/c17ff7be0b83e7ecaf7f28ebe1557e14?s=256&#038;d=mm&#038;r=g 2x' class='avatar avatar-128 photo' height='128' width='128' \/>\t\t<\/div>\n\t\t\t\t<div class=\"elementor-post__text\">\n\t\t\t\t<h3 class=\"elementor-post__title\">\n\t\t\t<a href=\"https:\/\/camzl.com\/de\/sympatia\/\" >\n\t\t\t\tOnet Sympatia\t\t\t<\/a>\n\t\t<\/h3>\n\t\t\t\t<div class=\"elementor-post__excerpt\">\n\t\t\t<p>Sympatia ist eine der beliebtesten und etabliertesten <a href=\"https:\/\/camzl.com\/de\/\">CAMZL<\/a> Dating-Plattformen in Polen. Seit seiner Einf\u00fchrung ist es zu einem beliebten Ziel f\u00fcr polnische Singles geworden, die nach Liebe, Freundschaft oder bedeutungsvollen Beziehungen suchen. Mit einer benutzerfreundlichen Oberfl\u00e4che und einer breiten Palette an Funktionen,<\/p>\n\t\t<\/div>\n\t\t\n\t\t<a class=\"elementor-post__read-more\" href=\"https:\/\/camzl.com\/de\/sympatia\/\" aria-label=\"Mehr \u00fcber Onet Sympatia\" tabindex=\"-1\" >\n\t\t\tMehr lesen &quot;\t\t<\/a>\n\n\t\t\t\t<\/div>\n\t\t\t\t\t<\/div>\n\t\t<\/article>\n\t\t\t\t<article class=\"elementor-post elementor-grid-item post-715 post type-post status-publish format-standard has-post-thumbnail hentry category-stranger-cam\">\n\t\t\t<div class=\"elementor-post__card\">\n\t\t\t\t<a class=\"elementor-post__thumbnail__link\" href=\"https:\/\/camzl.com\/de\/the-sexiest-polish-actresses\/\" tabindex=\"-1\" ><div class=\"elementor-post__thumbnail\"><img decoding=\"async\" width=\"768\" height=\"512\" src=\"https:\/\/camzl.com\/wp-content\/uploads\/2023\/09\/The-Sexiest-Polish-Actresses-CAMZL-768x512.jpg\" class=\"attachment-medium_large size-medium_large wp-image-716\" alt=\"The Sexiest Polish Actresses\" srcset=\"https:\/\/camzl.com\/wp-content\/uploads\/2023\/09\/The-Sexiest-Polish-Actresses-CAMZL-768x512.jpg 768w, https:\/\/camzl.com\/wp-content\/uploads\/2023\/09\/The-Sexiest-Polish-Actresses-CAMZL-300x200.jpg 300w, https:\/\/camzl.com\/wp-content\/uploads\/2023\/09\/The-Sexiest-Polish-Actresses-CAMZL-16x12.jpg 16w, https:\/\/camzl.com\/wp-content\/uploads\/2023\/09\/The-Sexiest-Polish-Actresses-CAMZL.jpg 1024w\" sizes=\"(max-width: 768px) 100vw, 768px\" \/><\/div><\/a>\n\t\t\t\t<div class=\"elementor-post__badge\">Fremde Kamera<\/div>\n\t\t\t\t<div class=\"elementor-post__avatar\">\n\t\t\t<img alt='CAMZL' src='https:\/\/secure.gravatar.com\/avatar\/c17ff7be0b83e7ecaf7f28ebe1557e14?s=128&#038;d=mm&#038;r=g' srcset='https:\/\/secure.gravatar.com\/avatar\/c17ff7be0b83e7ecaf7f28ebe1557e14?s=256&#038;d=mm&#038;r=g 2x' class='avatar avatar-128 photo' height='128' width='128' \/>\t\t<\/div>\n\t\t\t\t<div class=\"elementor-post__text\">\n\t\t\t\t<h3 class=\"elementor-post__title\">\n\t\t\t<a href=\"https:\/\/camzl.com\/de\/the-sexiest-polish-actresses\/\" >\n\t\t\t\tDie sexysten polnischen Schauspielerinnen\t\t\t<\/a>\n\t\t<\/h3>\n\t\t\t\t<div class=\"elementor-post__excerpt\">\n\t\t\t<p>In der polnischen Kinowelt wimmelt es von begabten Menschen. Es l\u00e4sst sich nicht leugnen, dass bestimmte Schauspielerinnen herausragen und sowohl durch ihre Leistungen als auch durch ihr auff\u00e4lliges Aussehen bestechen. In diesem Artikel stellen wir die verf\u00fchrerischsten Frauen im polnischen Unterhaltungssektor vor. Unsere Liste umfasst Film und Fernsehen<\/p>\n\t\t<\/div>\n\t\t\n\t\t<a class=\"elementor-post__read-more\" href=\"https:\/\/camzl.com\/de\/the-sexiest-polish-actresses\/\" aria-label=\"Mehr \u00fcber The Sexiest Polish Actresses\" tabindex=\"-1\" >\n\t\t\tMehr lesen &quot;\t\t<\/a>\n\n\t\t\t\t<\/div>\n\t\t\t\t\t<\/div>\n\t\t<\/article>\n\t\t\t\t<article class=\"elementor-post elementor-grid-item post-669 post type-post status-publish format-standard has-post-thumbnail hentry category-stranger-cam\">\n\t\t\t<div class=\"elementor-post__card\">\n\t\t\t\t<a class=\"elementor-post__thumbnail__link\" href=\"https:\/\/camzl.com\/de\/polskie-dziewczyny\/\" tabindex=\"-1\" ><div class=\"elementor-post__thumbnail\"><img decoding=\"async\" width=\"768\" height=\"530\" src=\"https:\/\/camzl.com\/wp-content\/uploads\/2023\/07\/Polskie-dziewczyny-camzl-768x530.jpg\" class=\"attachment-medium_large size-medium_large wp-image-670\" alt=\"Polskie dziewczyny camzl\" srcset=\"https:\/\/camzl.com\/wp-content\/uploads\/2023\/07\/Polskie-dziewczyny-camzl-768x530.jpg 768w, https:\/\/camzl.com\/wp-content\/uploads\/2023\/07\/Polskie-dziewczyny-camzl-300x207.jpg 300w, https:\/\/camzl.com\/wp-content\/uploads\/2023\/07\/Polskie-dziewczyny-camzl-1024x707.jpg 1024w, https:\/\/camzl.com\/wp-content\/uploads\/2023\/07\/Polskie-dziewczyny-camzl-16x12.jpg 16w, https:\/\/camzl.com\/wp-content\/uploads\/2023\/07\/Polskie-dziewczyny-camzl.jpg 1200w\" sizes=\"(max-width: 768px) 100vw, 768px\" \/><\/div><\/a>\n\t\t\t\t<div class=\"elementor-post__badge\">Fremde Kamera<\/div>\n\t\t\t\t<div class=\"elementor-post__avatar\">\n\t\t\t<img alt='CAMZL' src='https:\/\/secure.gravatar.com\/avatar\/c17ff7be0b83e7ecaf7f28ebe1557e14?s=128&#038;d=mm&#038;r=g' srcset='https:\/\/secure.gravatar.com\/avatar\/c17ff7be0b83e7ecaf7f28ebe1557e14?s=256&#038;d=mm&#038;r=g 2x' class='avatar avatar-128 photo' height='128' width='128' \/>\t\t<\/div>\n\t\t\t\t<div class=\"elementor-post__text\">\n\t\t\t\t<h3 class=\"elementor-post__title\">\n\t\t\t<a href=\"https:\/\/camzl.com\/de\/polskie-dziewczyny\/\" >\n\t\t\t\tPolnische M\u00e4dchen: Ihre Qualit\u00e4ten und wo man sie trifft\t\t\t<\/a>\n\t\t<\/h3>\n\t\t\t\t<div class=\"elementor-post__excerpt\">\n\t\t\t<p>Polnische M\u00e4dchen sind eine beeindruckende Mischung aus flei\u00dfigem Auftreten, romantischer Seele und auffallender Sch\u00f6nheit. Ihre sanfte Art, Positivit\u00e4t und Offenheit machen sie zu hervorragenden Partnern, die stets auf der Suche nach Gleichberechtigung und Lebensfreude sind. Sei es wegen ihrer Aufgeschlossenheit gegen\u00fcber anderen Religionen oder wegen ihrer Liebe<\/p>\n\t\t<\/div>\n\t\t\n\t\t<a class=\"elementor-post__read-more\" href=\"https:\/\/camzl.com\/de\/polskie-dziewczyny\/\" aria-label=\"Mehr \u00fcber Polish Girls: Their Qualities and Where to Meet Them\" tabindex=\"-1\" >\n\t\t\tMehr lesen &quot;\t\t<\/a>\n\n\t\t\t\t<\/div>\n\t\t\t\t\t<\/div>\n\t\t<\/article>\n\t\t\t\t<article class=\"elementor-post elementor-grid-item post-631 post type-post status-publish format-standard has-post-thumbnail hentry category-stranger-cam\">\n\t\t\t<div class=\"elementor-post__card\">\n\t\t\t\t<a class=\"elementor-post__thumbnail__link\" href=\"https:\/\/camzl.com\/de\/mirami-video-chat\/\" tabindex=\"-1\" ><div class=\"elementor-post__thumbnail\"><img loading=\"lazy\" decoding=\"async\" width=\"768\" height=\"435\" src=\"https:\/\/camzl.com\/wp-content\/uploads\/2023\/05\/mirami-video-chat-camzl-768x435.jpg\" class=\"attachment-medium_large size-medium_large wp-image-634\" alt=\"mirami video chat camzl\" srcset=\"https:\/\/camzl.com\/wp-content\/uploads\/2023\/05\/mirami-video-chat-camzl-768x435.jpg 768w, https:\/\/camzl.com\/wp-content\/uploads\/2023\/05\/mirami-video-chat-camzl-300x170.jpg 300w, https:\/\/camzl.com\/wp-content\/uploads\/2023\/05\/mirami-video-chat-camzl.jpg 1000w\" sizes=\"(max-width: 768px) 100vw, 768px\" \/><\/div><\/a>\n\t\t\t\t<div class=\"elementor-post__badge\">Fremde Kamera<\/div>\n\t\t\t\t<div class=\"elementor-post__avatar\">\n\t\t\t<img alt='CAMZL' src='https:\/\/secure.gravatar.com\/avatar\/c17ff7be0b83e7ecaf7f28ebe1557e14?s=128&#038;d=mm&#038;r=g' srcset='https:\/\/secure.gravatar.com\/avatar\/c17ff7be0b83e7ecaf7f28ebe1557e14?s=256&#038;d=mm&#038;r=g 2x' class='avatar avatar-128 photo' height='128' width='128' \/>\t\t<\/div>\n\t\t\t\t<div class=\"elementor-post__text\">\n\t\t\t\t<h3 class=\"elementor-post__title\">\n\t\t\t<a href=\"https:\/\/camzl.com\/de\/mirami-video-chat\/\" >\n\t\t\t\tMirami-Video-Chat\t\t\t<\/a>\n\t\t<\/h3>\n\t\t\t\t<div class=\"elementor-post__excerpt\">\n\t\t\t<p>Mit dem Fortschreiten des digitalen Zeitalters entwickelt sich die Art und Weise, wie wir miteinander interagieren, weiter, was zur Entstehung bahnbrechender Plattformen wie Mirami Video Chat f\u00fchrt. Dieser einzigartige Service revolutioniert die Welt der Online-Kommunikation, indem er ein spannendes und spannendes Erlebnis bietet<\/p>\n\t\t<\/div>\n\t\t\n\t\t<a class=\"elementor-post__read-more\" href=\"https:\/\/camzl.com\/de\/mirami-video-chat\/\" aria-label=\"Mehr \u00fcber Mirami Video Chat\" tabindex=\"-1\" >\n\t\t\tMehr lesen &quot;\t\t<\/a>\n\n\t\t\t\t<\/div>\n\t\t\t\t\t<\/div>\n\t\t<\/article>\n\t\t\t\t<article class=\"elementor-post elementor-grid-item post-523 post type-post status-publish format-standard has-post-thumbnail hentry category-stranger-cam\">\n\t\t\t<div class=\"elementor-post__card\">\n\t\t\t\t<a class=\"elementor-post__thumbnail__link\" href=\"https:\/\/camzl.com\/de\/talk-to-strangers\/\" tabindex=\"-1\" ><div class=\"elementor-post__thumbnail\"><img loading=\"lazy\" decoding=\"async\" width=\"768\" height=\"743\" src=\"https:\/\/camzl.com\/wp-content\/uploads\/2023\/05\/talk-to-strangers-camzl-768x743.jpg\" class=\"attachment-medium_large size-medium_large wp-image-554\" alt=\"talk to strangers camzl\" srcset=\"https:\/\/camzl.com\/wp-content\/uploads\/2023\/05\/talk-to-strangers-camzl-768x743.jpg 768w, https:\/\/camzl.com\/wp-content\/uploads\/2023\/05\/talk-to-strangers-camzl-300x290.jpg 300w, https:\/\/camzl.com\/wp-content\/uploads\/2023\/05\/talk-to-strangers-camzl.jpg 1000w\" sizes=\"(max-width: 768px) 100vw, 768px\" \/><\/div><\/a>\n\t\t\t\t<div class=\"elementor-post__badge\">Fremde Kamera<\/div>\n\t\t\t\t<div class=\"elementor-post__avatar\">\n\t\t\t<img alt='CAMZL' src='https:\/\/secure.gravatar.com\/avatar\/c17ff7be0b83e7ecaf7f28ebe1557e14?s=128&#038;d=mm&#038;r=g' srcset='https:\/\/secure.gravatar.com\/avatar\/c17ff7be0b83e7ecaf7f28ebe1557e14?s=256&#038;d=mm&#038;r=g 2x' class='avatar avatar-128 photo' height='128' width='128' \/>\t\t<\/div>\n\t\t\t\t<div class=\"elementor-post__text\">\n\t\t\t\t<h3 class=\"elementor-post__title\">\n\t\t\t<a href=\"https:\/\/camzl.com\/de\/talk-to-strangers\/\" >\n\t\t\t\tMit Fremden sprechen\t\t\t<\/a>\n\t\t<\/h3>\n\t\t\t\t<div class=\"elementor-post__excerpt\">\n\t\t\t<p>Inhaltsverzeichnis In der heutigen, zunehmend vernetzten Welt ist es einfacher denn je, mit Menschen unterschiedlicher Kulturen, Hintergr\u00fcnde und Lebensstile in Kontakt zu treten. Plattformen f\u00fcr Videochats und Gespr\u00e4che mit Fremden haben sich als beliebte M\u00f6glichkeit erwiesen, diese L\u00fccken zu \u00fcberbr\u00fccken und Einzelpersonen<\/p>\n\t\t<\/div>\n\t\t\n\t\t<a class=\"elementor-post__read-more\" href=\"https:\/\/camzl.com\/de\/talk-to-strangers\/\" aria-label=\"Mehr \u00fcber Talk to Strangers\" tabindex=\"-1\" >\n\t\t\tMehr lesen &quot;\t\t<\/a>\n\n\t\t\t\t<\/div>\n\t\t\t\t\t<\/div>\n\t\t<\/article>\n\t\t\t\t<article class=\"elementor-post elementor-grid-item post-502 post type-post status-publish format-standard has-post-thumbnail hentry category-stranger-cam\">\n\t\t\t<div class=\"elementor-post__card\">\n\t\t\t\t<a class=\"elementor-post__thumbnail__link\" href=\"https:\/\/camzl.com\/de\/random-video-chat\/\" tabindex=\"-1\" ><div class=\"elementor-post__thumbnail\"><img loading=\"lazy\" decoding=\"async\" width=\"768\" height=\"548\" src=\"https:\/\/camzl.com\/wp-content\/uploads\/2023\/03\/random-video-chat-camzl-768x548.jpg\" class=\"attachment-medium_large size-medium_large wp-image-520\" alt=\"random video chat camzl\" srcset=\"https:\/\/camzl.com\/wp-content\/uploads\/2023\/03\/random-video-chat-camzl-768x548.jpg 768w, https:\/\/camzl.com\/wp-content\/uploads\/2023\/03\/random-video-chat-camzl-300x214.jpg 300w, https:\/\/camzl.com\/wp-content\/uploads\/2023\/03\/random-video-chat-camzl.jpg 1000w\" sizes=\"(max-width: 768px) 100vw, 768px\" \/><\/div><\/a>\n\t\t\t\t<div class=\"elementor-post__badge\">Fremde Kamera<\/div>\n\t\t\t\t<div class=\"elementor-post__avatar\">\n\t\t\t<img alt='CAMZL' src='https:\/\/secure.gravatar.com\/avatar\/c17ff7be0b83e7ecaf7f28ebe1557e14?s=128&#038;d=mm&#038;r=g' srcset='https:\/\/secure.gravatar.com\/avatar\/c17ff7be0b83e7ecaf7f28ebe1557e14?s=256&#038;d=mm&#038;r=g 2x' class='avatar avatar-128 photo' height='128' width='128' \/>\t\t<\/div>\n\t\t\t\t<div class=\"elementor-post__text\">\n\t\t\t\t<h3 class=\"elementor-post__title\">\n\t\t\t<a href=\"https:\/\/camzl.com\/de\/random-video-chat\/\" >\n\t\t\t\tEntdecken Sie eine Welt voller M\u00f6glichkeiten mit zuf\u00e4lligem Video-Chat\t\t\t<\/a>\n\t\t<\/h3>\n\t\t\t\t<div class=\"elementor-post__excerpt\">\n\t\t\t<p>Random Video Chat l\u00e4dt Sie zu einem virtuellen Abenteuer ein, das Ihnen neue Kontakte, spannende Gespr\u00e4che und endlose M\u00f6glichkeiten bringt. Unsere Plattform ist der ideale Ort, um Freunde aus verschiedenen Lebensbereichen zu finden oder einfach Kontakte zu kn\u00fcpfen. Inhaltsverzeichnis<\/p>\n\t\t<\/div>\n\t\t\n\t\t<a class=\"elementor-post__read-more\" href=\"https:\/\/camzl.com\/de\/random-video-chat\/\" aria-label=\"Mehr \u00fcber Discover a World of Possibilities with Random Video Chat\" tabindex=\"-1\" >\n\t\t\tMehr lesen &quot;\t\t<\/a>\n\n\t\t\t\t<\/div>\n\t\t\t\t\t<\/div>\n\t\t<\/article>\n\t\t\t\t<\/div>\n\t\t\t\t\t<span class=\"e-load-more-spinner\">\n\t\t\t\t<i aria-hidden=\"true\" class=\"fas fa-spinner\"><\/i>\t\t\t<\/span>\n\t\t\n\t\t\t\t<div class=\"e-load-more-anchor\" data-page=\"1\" data-max-page=\"2\" data-next-page=\"https:\/\/camzl.com\/de\/wp-json\/wp\/v2\/pages\/77\/page\/2\/\"><\/div>\n\t\t\t\t<div class=\"e-load-more-message\"><\/div>\n\t\t\t\t<\/div>\n\t\t\t\t<\/div>\n\t\t\t\t\t<\/div>\n\t\t<\/div>\n\t\t\t\t\t<\/div>\n\t\t<\/section>\n\t\t\t\t<\/div>","protected":false},"excerpt":{"rendered":"<p>Video-Chat-Alternativen<\/p>","protected":false},"author":1,"featured_media":0,"parent":0,"menu_order":0,"comment_status":"closed","ping_status":"closed","template":"elementor_header_footer","meta":{"footnotes":""},"class_list":["post-77","page","type-page","status-publish","hentry"],"yoast_head":"<!-- This site is optimized with the Yoast SEO Premium plugin v19.3 (Yoast SEO v19.7.1) - https:\/\/yoast.com\/wordpress\/plugins\/seo\/ -->\n<title>Video Chat - CAM ZL<\/title>\n<meta name=\"robots\" content=\"index, follow, max-snippet:-1, max-image-preview:large, max-video-preview:-1\" \/>\n<link rel=\"canonical\" href=\"https:\/\/camzl.com\/de\/video-chat\/\" \/>\n<meta property=\"og:locale\" content=\"de_DE\" \/>\n<meta property=\"og:type\" content=\"article\" \/>\n<meta property=\"og:title\" content=\"Video Chat\" \/>\n<meta property=\"og:description\" content=\"Video Chat Alternatives\" \/>\n<meta property=\"og:url\" content=\"https:\/\/camzl.com\/de\/video-chat\/\" \/>\n<meta property=\"og:site_name\" content=\"CAM ZL\" \/>\n<meta property=\"article:modified_time\" content=\"2023-03-05T14:34:17+00:00\" \/>\n<meta name=\"twitter:card\" content=\"summary_large_image\" \/>\n<meta name=\"twitter:label1\" content=\"Gesch\u00e4tzte Lesezeit\" \/>\n\t<meta name=\"twitter:data1\" content=\"2\u00a0Minuten\" \/>\n<script type=\"application\/ld+json\" class=\"yoast-schema-graph\">{\"@context\":\"https:\/\/schema.org\",\"@graph\":[{\"@type\":\"WebPage\",\"@id\":\"https:\/\/camzl.com\/video-chat\/\",\"url\":\"https:\/\/camzl.com\/video-chat\/\",\"name\":\"Video Chat - CAM ZL\",\"isPartOf\":{\"@id\":\"https:\/\/camzl.com\/#website\"},\"datePublished\":\"2022-12-01T19:23:06+00:00\",\"dateModified\":\"2023-03-05T14:34:17+00:00\",\"breadcrumb\":{\"@id\":\"https:\/\/camzl.com\/video-chat\/#breadcrumb\"},\"inLanguage\":\"de\",\"potentialAction\":[{\"@type\":\"ReadAction\",\"target\":[\"https:\/\/camzl.com\/video-chat\/\"]}]},{\"@type\":\"BreadcrumbList\",\"@id\":\"https:\/\/camzl.com\/video-chat\/#breadcrumb\",\"itemListElement\":[{\"@type\":\"ListItem\",\"position\":1,\"name\":\"Home\",\"item\":\"https:\/\/camzl.com\/\"},{\"@type\":\"ListItem\",\"position\":2,\"name\":\"Video Chat\"}]},{\"@type\":\"WebSite\",\"@id\":\"https:\/\/camzl.com\/#website\",\"url\":\"https:\/\/camzl.com\/\",\"name\":\"CAM ZL\",\"description\":\"Lucky Crush Alternative\",\"publisher\":{\"@id\":\"https:\/\/camzl.com\/#organization\"},\"potentialAction\":[{\"@type\":\"SearchAction\",\"target\":{\"@type\":\"EntryPoint\",\"urlTemplate\":\"https:\/\/camzl.com\/?s={search_term_string}\"},\"query-input\":\"required name=search_term_string\"}],\"inLanguage\":\"de\"},{\"@type\":\"Organization\",\"@id\":\"https:\/\/camzl.com\/#organization\",\"name\":\"CAM ZL\",\"url\":\"https:\/\/camzl.com\/\",\"sameAs\":[],\"logo\":{\"@type\":\"ImageObject\",\"inLanguage\":\"de\",\"@id\":\"https:\/\/camzl.com\/#\/schema\/logo\/image\/\",\"url\":\"https:\/\/camzl.com\/wp-content\/uploads\/2022\/11\/logo.jpg\",\"contentUrl\":\"https:\/\/camzl.com\/wp-content\/uploads\/2022\/11\/logo.jpg\",\"width\":1024,\"height\":1024,\"caption\":\"CAM ZL\"},\"image\":{\"@id\":\"https:\/\/camzl.com\/#\/schema\/logo\/image\/\"}}]}<\/script>\n<!-- \/ Yoast SEO Premium plugin. -->","yoast_head_json":{"title":"Video Chat - CAM ZL","robots":{"index":"index","follow":"follow","max-snippet":"max-snippet:-1","max-image-preview":"max-image-preview:large","max-video-preview":"max-video-preview:-1"},"canonical":"https:\/\/camzl.com\/de\/video-chat\/","og_locale":"de_DE","og_type":"article","og_title":"Video Chat","og_description":"Video Chat Alternatives","og_url":"https:\/\/camzl.com\/de\/video-chat\/","og_site_name":"CAM ZL","article_modified_time":"2023-03-05T14:34:17+00:00","twitter_card":"summary_large_image","twitter_misc":{"Gesch\u00e4tzte Lesezeit":"2\u00a0Minuten"},"schema":{"@context":"https:\/\/schema.org","@graph":[{"@type":"WebPage","@id":"https:\/\/camzl.com\/video-chat\/","url":"https:\/\/camzl.com\/video-chat\/","name":"Video Chat - CAM ZL","isPartOf":{"@id":"https:\/\/camzl.com\/#website"},"datePublished":"2022-12-01T19:23:06+00:00","dateModified":"2023-03-05T14:34:17+00:00","breadcrumb":{"@id":"https:\/\/camzl.com\/video-chat\/#breadcrumb"},"inLanguage":"de","potentialAction":[{"@type":"ReadAction","target":["https:\/\/camzl.com\/video-chat\/"]}]},{"@type":"BreadcrumbList","@id":"https:\/\/camzl.com\/video-chat\/#breadcrumb","itemListElement":[{"@type":"ListItem","position":1,"name":"Home","item":"https:\/\/camzl.com\/"},{"@type":"ListItem","position":2,"name":"Video Chat"}]},{"@type":"WebSite","@id":"https:\/\/camzl.com\/#website","url":"https:\/\/camzl.com\/","name":"CAM ZL","description":"Lucky Crush Alternative","publisher":{"@id":"https:\/\/camzl.com\/#organization"},"potentialAction":[{"@type":"SearchAction","target":{"@type":"EntryPoint","urlTemplate":"https:\/\/camzl.com\/?s={search_term_string}"},"query-input":"required name=search_term_string"}],"inLanguage":"de"},{"@type":"Organization","@id":"https:\/\/camzl.com\/#organization","name":"CAM ZL","url":"https:\/\/camzl.com\/","sameAs":[],"logo":{"@type":"ImageObject","inLanguage":"de","@id":"https:\/\/camzl.com\/#\/schema\/logo\/image\/","url":"https:\/\/camzl.com\/wp-content\/uploads\/2022\/11\/logo.jpg","contentUrl":"https:\/\/camzl.com\/wp-content\/uploads\/2022\/11\/logo.jpg","width":1024,"height":1024,"caption":"CAM ZL"},"image":{"@id":"https:\/\/camzl.com\/#\/schema\/logo\/image\/"}}]}},"_links":{"self":[{"href":"https:\/\/camzl.com\/de\/wp-json\/wp\/v2\/pages\/77"}],"collection":[{"href":"https:\/\/camzl.com\/de\/wp-json\/wp\/v2\/pages"}],"about":[{"href":"https:\/\/camzl.com\/de\/wp-json\/wp\/v2\/types\/page"}],"author":[{"embeddable":true,"href":"https:\/\/camzl.com\/de\/wp-json\/wp\/v2\/users\/1"}],"replies":[{"embeddable":true,"href":"https:\/\/camzl.com\/de\/wp-json\/wp\/v2\/comments?post=77"}],"version-history":[{"count":17,"href":"https:\/\/camzl.com\/de\/wp-json\/wp\/v2\/pages\/77\/revisions"}],"predecessor-version":[{"id":336,"href":"https:\/\/camzl.com\/de\/wp-json\/wp\/v2\/pages\/77\/revisions\/336"}],"wp:attachment":[{"href":"https:\/\/camzl.com\/de\/wp-json\/wp\/v2\/media?parent=77"}],"curies":[{"name":"wp","href":"https:\/\/api.w.org\/{rel}","templated":true}]}}