{"id":77,"date":"2022-12-01T21:23:06","date_gmt":"2022-12-01T19:23:06","guid":{"rendered":"https:\/\/camzl.com\/?page_id=77"},"modified":"2023-03-05T16:34:17","modified_gmt":"2023-03-05T14:34:17","slug":"video-chat","status":"publish","type":"page","link":"https:\/\/camzl.com\/pl\/video-chat\/","title":{"rendered":"Czat wideo"},"content":{"rendered":"<div data-elementor-type=\"wp-page\" data-elementor-id=\"77\" class=\"elementor elementor-77\" data-elementor-post-type=\"page\">\n\t\t\t\t\t\t<section class=\"elementor-section elementor-top-section elementor-element elementor-element-6f92d4c elementor-section-boxed elementor-section-height-default elementor-section-height-default\" data-id=\"6f92d4c\" data-element_type=\"section\">\n\t\t\t\t\t\t<div class=\"elementor-container elementor-column-gap-default\">\n\t\t\t\t\t<div class=\"elementor-column elementor-col-100 elementor-top-column elementor-element elementor-element-7852e074\" data-id=\"7852e074\" data-element_type=\"column\">\n\t\t\t<div class=\"elementor-widget-wrap elementor-element-populated\">\n\t\t\t\t\t\t<div class=\"elementor-element elementor-element-37d402ee elementor-widget elementor-widget-heading\" data-id=\"37d402ee\" data-element_type=\"widget\" data-widget_type=\"heading.default\">\n\t\t\t\t<div class=\"elementor-widget-container\">\n\t\t\t<h2 class=\"elementor-heading-title elementor-size-default\">Alternatywy dla czat\u00f3w wideo<\/h2>\t\t<\/div>\n\t\t\t\t<\/div>\n\t\t\t\t\t<\/div>\n\t\t<\/div>\n\t\t\t\t\t<\/div>\n\t\t<\/section>\n\t\t\t\t<section class=\"elementor-section elementor-top-section elementor-element elementor-element-22b27908 elementor-section-boxed elementor-section-height-default elementor-section-height-default\" data-id=\"22b27908\" data-element_type=\"section\">\n\t\t\t\t\t\t<div class=\"elementor-container elementor-column-gap-default\">\n\t\t\t\t\t<div class=\"elementor-column elementor-col-100 elementor-top-column elementor-element elementor-element-76f2d621\" data-id=\"76f2d621\" data-element_type=\"column\">\n\t\t\t<div class=\"elementor-widget-wrap elementor-element-populated\">\n\t\t\t\t\t\t<div class=\"elementor-element elementor-element-52767d0d elementor-grid-2 elementor-grid-tablet-2 elementor-grid-mobile-1 elementor-posts--thumbnail-top elementor-posts--show-avatar elementor-card-shadow-yes elementor-posts__hover-gradient elementor-widget elementor-widget-posts\" data-id=\"52767d0d\" data-element_type=\"widget\" data-settings=\"{&quot;pagination_type&quot;:&quot;load_more_infinite_scroll&quot;,&quot;cards_columns&quot;:&quot;2&quot;,&quot;cards_columns_tablet&quot;:&quot;2&quot;,&quot;cards_columns_mobile&quot;:&quot;1&quot;,&quot;cards_row_gap&quot;:{&quot;unit&quot;:&quot;px&quot;,&quot;size&quot;:35,&quot;sizes&quot;:[]},&quot;cards_row_gap_tablet&quot;:{&quot;unit&quot;:&quot;px&quot;,&quot;size&quot;:&quot;&quot;,&quot;sizes&quot;:[]},&quot;cards_row_gap_mobile&quot;:{&quot;unit&quot;:&quot;px&quot;,&quot;size&quot;:&quot;&quot;,&quot;sizes&quot;:[]},&quot;load_more_spinner&quot;:{&quot;value&quot;:&quot;fas fa-spinner&quot;,&quot;library&quot;:&quot;fa-solid&quot;}}\" data-widget_type=\"posts.cards\">\n\t\t\t\t<div class=\"elementor-widget-container\">\n\t\t\t\t\t<div class=\"elementor-posts-container elementor-posts elementor-posts--skin-cards elementor-grid\">\n\t\t\t\t<article class=\"elementor-post elementor-grid-item post-822 post type-post status-publish format-standard has-post-thumbnail hentry category-stranger-cam\">\n\t\t\t<div class=\"elementor-post__card\">\n\t\t\t\t<a class=\"elementor-post__thumbnail__link\" href=\"https:\/\/camzl.com\/pl\/sympatia\/\" tabindex=\"-1\" ><div class=\"elementor-post__thumbnail\"><img fetchpriority=\"high\" decoding=\"async\" width=\"768\" height=\"512\" src=\"https:\/\/camzl.com\/wp-content\/uploads\/2024\/05\/Sympatia-768x512.jpg\" class=\"attachment-medium_large size-medium_large wp-image-823\" alt=\"Sympatia\" srcset=\"https:\/\/camzl.com\/wp-content\/uploads\/2024\/05\/Sympatia-768x512.jpg 768w, https:\/\/camzl.com\/wp-content\/uploads\/2024\/05\/Sympatia-300x200.jpg 300w, https:\/\/camzl.com\/wp-content\/uploads\/2024\/05\/Sympatia-1024x683.jpg 1024w, https:\/\/camzl.com\/wp-content\/uploads\/2024\/05\/Sympatia-18x12.jpg 18w, https:\/\/camzl.com\/wp-content\/uploads\/2024\/05\/Sympatia.jpg 1224w\" sizes=\"(max-width: 768px) 100vw, 768px\" \/><\/div><\/a>\n\t\t\t\t<div class=\"elementor-post__badge\">nieznajoma kamera<\/div>\n\t\t\t\t<div class=\"elementor-post__avatar\">\n\t\t\t<img alt='CAMZL' src='https:\/\/secure.gravatar.com\/avatar\/c17ff7be0b83e7ecaf7f28ebe1557e14?s=128&#038;d=mm&#038;r=g' srcset='https:\/\/secure.gravatar.com\/avatar\/c17ff7be0b83e7ecaf7f28ebe1557e14?s=256&#038;d=mm&#038;r=g 2x' class='avatar avatar-128 photo' height='128' width='128' \/>\t\t<\/div>\n\t\t\t\t<div class=\"elementor-post__text\">\n\t\t\t\t<h3 class=\"elementor-post__title\">\n\t\t\t<a href=\"https:\/\/camzl.com\/pl\/sympatia\/\" >\n\t\t\t\tOnetu Sympatia\t\t\t<\/a>\n\t\t<\/h3>\n\t\t\t\t<div class=\"elementor-post__excerpt\">\n\t\t\t<p>Sympatia jest jedn\u0105 z najpopularniejszych i ugruntowanych pozycji <a href=\"https:\/\/camzl.com\/pl\/\">CAMZL<\/a> platformy randkowe w Polsce. Od momentu uruchomienia sta\u0142a si\u0119 miejscem docelowym dla polskich singli szukaj\u0105cych mi\u0142o\u015bci, przyja\u017ani lub znacz\u0105cych zwi\u0105zk\u00f3w. Dzi\u0119ki przyjaznemu dla u\u017cytkownika interfejsowi i szerokiej gamie funkcji,<\/p>\n\t\t<\/div>\n\t\t\n\t\t<a class=\"elementor-post__read-more\" href=\"https:\/\/camzl.com\/pl\/sympatia\/\" aria-label=\"Przeczytaj wi\u0119cej o Onet Sympatia\" tabindex=\"-1\" >\n\t\t\tCzytaj wi\u0119cej &quot;\t\t<\/a>\n\n\t\t\t\t<\/div>\n\t\t\t\t\t<\/div>\n\t\t<\/article>\n\t\t\t\t<article class=\"elementor-post elementor-grid-item post-715 post type-post status-publish format-standard has-post-thumbnail hentry category-stranger-cam\">\n\t\t\t<div class=\"elementor-post__card\">\n\t\t\t\t<a class=\"elementor-post__thumbnail__link\" href=\"https:\/\/camzl.com\/pl\/the-sexiest-polish-actresses\/\" tabindex=\"-1\" ><div class=\"elementor-post__thumbnail\"><img decoding=\"async\" width=\"768\" height=\"512\" src=\"https:\/\/camzl.com\/wp-content\/uploads\/2023\/09\/The-Sexiest-Polish-Actresses-CAMZL-768x512.jpg\" class=\"attachment-medium_large size-medium_large wp-image-716\" alt=\"The Sexiest Polish Actresses\" srcset=\"https:\/\/camzl.com\/wp-content\/uploads\/2023\/09\/The-Sexiest-Polish-Actresses-CAMZL-768x512.jpg 768w, https:\/\/camzl.com\/wp-content\/uploads\/2023\/09\/The-Sexiest-Polish-Actresses-CAMZL-300x200.jpg 300w, https:\/\/camzl.com\/wp-content\/uploads\/2023\/09\/The-Sexiest-Polish-Actresses-CAMZL-16x12.jpg 16w, https:\/\/camzl.com\/wp-content\/uploads\/2023\/09\/The-Sexiest-Polish-Actresses-CAMZL.jpg 1024w\" sizes=\"(max-width: 768px) 100vw, 768px\" \/><\/div><\/a>\n\t\t\t\t<div class=\"elementor-post__badge\">nieznajoma kamera<\/div>\n\t\t\t\t<div class=\"elementor-post__avatar\">\n\t\t\t<img alt='CAMZL' src='https:\/\/secure.gravatar.com\/avatar\/c17ff7be0b83e7ecaf7f28ebe1557e14?s=128&#038;d=mm&#038;r=g' srcset='https:\/\/secure.gravatar.com\/avatar\/c17ff7be0b83e7ecaf7f28ebe1557e14?s=256&#038;d=mm&#038;r=g 2x' class='avatar avatar-128 photo' height='128' width='128' \/>\t\t<\/div>\n\t\t\t\t<div class=\"elementor-post__text\">\n\t\t\t\t<h3 class=\"elementor-post__title\">\n\t\t\t<a href=\"https:\/\/camzl.com\/pl\/the-sexiest-polish-actresses\/\" >\n\t\t\t\tNajseksowniejsze polskie aktorki\t\t\t<\/a>\n\t\t<\/h3>\n\t\t\t\t<div class=\"elementor-post__excerpt\">\n\t\t\t<p>W polskim \u015bwiecie filmowym a\u017c roi si\u0119 od utalentowanych os\u00f3b. Nie da si\u0119 zaprzeczy\u0107, \u017ce niekt\u00f3re aktorki wyr\u00f3\u017cniaj\u0105 si\u0119 na tle innych, urzekaj\u0105c zar\u00f3wno gr\u0105, jak i efektownym wygl\u0105dem. W tym artykule przedstawiamy najbardziej pon\u0119tne kobiety polskiego sektora rozrywkowego. Nasza lista obejmuje zar\u00f3wno aktorki filmowe, jak i telewizyjne<\/p>\n\t\t<\/div>\n\t\t\n\t\t<a class=\"elementor-post__read-more\" href=\"https:\/\/camzl.com\/pl\/the-sexiest-polish-actresses\/\" aria-label=\"Czytaj wi\u0119cej o Najseksowniejsze polskie aktorki\" tabindex=\"-1\" >\n\t\t\tCzytaj wi\u0119cej &quot;\t\t<\/a>\n\n\t\t\t\t<\/div>\n\t\t\t\t\t<\/div>\n\t\t<\/article>\n\t\t\t\t<article class=\"elementor-post elementor-grid-item post-669 post type-post status-publish format-standard has-post-thumbnail hentry category-stranger-cam\">\n\t\t\t<div class=\"elementor-post__card\">\n\t\t\t\t<a class=\"elementor-post__thumbnail__link\" href=\"https:\/\/camzl.com\/pl\/polskie-dziewczyny\/\" tabindex=\"-1\" ><div class=\"elementor-post__thumbnail\"><img decoding=\"async\" width=\"768\" height=\"530\" src=\"https:\/\/camzl.com\/wp-content\/uploads\/2023\/07\/Polskie-dziewczyny-camzl-768x530.jpg\" class=\"attachment-medium_large size-medium_large wp-image-670\" alt=\"Polskie dziewczyny camzl\" srcset=\"https:\/\/camzl.com\/wp-content\/uploads\/2023\/07\/Polskie-dziewczyny-camzl-768x530.jpg 768w, https:\/\/camzl.com\/wp-content\/uploads\/2023\/07\/Polskie-dziewczyny-camzl-300x207.jpg 300w, https:\/\/camzl.com\/wp-content\/uploads\/2023\/07\/Polskie-dziewczyny-camzl-1024x707.jpg 1024w, https:\/\/camzl.com\/wp-content\/uploads\/2023\/07\/Polskie-dziewczyny-camzl-16x12.jpg 16w, https:\/\/camzl.com\/wp-content\/uploads\/2023\/07\/Polskie-dziewczyny-camzl.jpg 1200w\" sizes=\"(max-width: 768px) 100vw, 768px\" \/><\/div><\/a>\n\t\t\t\t<div class=\"elementor-post__badge\">nieznajoma kamera<\/div>\n\t\t\t\t<div class=\"elementor-post__avatar\">\n\t\t\t<img alt='CAMZL' src='https:\/\/secure.gravatar.com\/avatar\/c17ff7be0b83e7ecaf7f28ebe1557e14?s=128&#038;d=mm&#038;r=g' srcset='https:\/\/secure.gravatar.com\/avatar\/c17ff7be0b83e7ecaf7f28ebe1557e14?s=256&#038;d=mm&#038;r=g 2x' class='avatar avatar-128 photo' height='128' width='128' \/>\t\t<\/div>\n\t\t\t\t<div class=\"elementor-post__text\">\n\t\t\t\t<h3 class=\"elementor-post__title\">\n\t\t\t<a href=\"https:\/\/camzl.com\/pl\/polskie-dziewczyny\/\" >\n\t\t\t\tPolskie dziewczyny: Ich cechy i gdzie je spotka\u0107\t\t\t<\/a>\n\t\t<\/h3>\n\t\t\t\t<div class=\"elementor-post__excerpt\">\n\t\t\t<p>Polskie dziewczyny to imponuj\u0105ca mieszanka pracowito\u015bci, romantycznej duszy i uderzaj\u0105cej urody. Ich \u0142agodna natura, pozytywne nastawienie i otwarto\u015b\u0107 sprawiaj\u0105, \u017ce s\u0105 znakomitymi partnerami, zawsze szukaj\u0105cymi r\u00f3wno\u015bci i rado\u015bci \u017cycia. Niezale\u017cnie od tego, czy chodzi o ich otwarto\u015b\u0107 na inne religie, czy ich mi\u0142o\u015b\u0107<\/p>\n\t\t<\/div>\n\t\t\n\t\t<a class=\"elementor-post__read-more\" href=\"https:\/\/camzl.com\/pl\/polskie-dziewczyny\/\" aria-label=\"Przeczytaj wi\u0119cej o Polskich dziewczynach: ich cechach i gdzie je spotka\u0107\" tabindex=\"-1\" >\n\t\t\tCzytaj wi\u0119cej &quot;\t\t<\/a>\n\n\t\t\t\t<\/div>\n\t\t\t\t\t<\/div>\n\t\t<\/article>\n\t\t\t\t<article class=\"elementor-post elementor-grid-item post-631 post type-post status-publish format-standard has-post-thumbnail hentry category-stranger-cam\">\n\t\t\t<div class=\"elementor-post__card\">\n\t\t\t\t<a class=\"elementor-post__thumbnail__link\" href=\"https:\/\/camzl.com\/pl\/mirami-video-chat\/\" tabindex=\"-1\" ><div class=\"elementor-post__thumbnail\"><img loading=\"lazy\" decoding=\"async\" width=\"768\" height=\"435\" src=\"https:\/\/camzl.com\/wp-content\/uploads\/2023\/05\/mirami-video-chat-camzl-768x435.jpg\" class=\"attachment-medium_large size-medium_large wp-image-634\" alt=\"mirami video chat camzl\" srcset=\"https:\/\/camzl.com\/wp-content\/uploads\/2023\/05\/mirami-video-chat-camzl-768x435.jpg 768w, https:\/\/camzl.com\/wp-content\/uploads\/2023\/05\/mirami-video-chat-camzl-300x170.jpg 300w, https:\/\/camzl.com\/wp-content\/uploads\/2023\/05\/mirami-video-chat-camzl.jpg 1000w\" sizes=\"(max-width: 768px) 100vw, 768px\" \/><\/div><\/a>\n\t\t\t\t<div class=\"elementor-post__badge\">nieznajoma kamera<\/div>\n\t\t\t\t<div class=\"elementor-post__avatar\">\n\t\t\t<img alt='CAMZL' src='https:\/\/secure.gravatar.com\/avatar\/c17ff7be0b83e7ecaf7f28ebe1557e14?s=128&#038;d=mm&#038;r=g' srcset='https:\/\/secure.gravatar.com\/avatar\/c17ff7be0b83e7ecaf7f28ebe1557e14?s=256&#038;d=mm&#038;r=g 2x' class='avatar avatar-128 photo' height='128' width='128' \/>\t\t<\/div>\n\t\t\t\t<div class=\"elementor-post__text\">\n\t\t\t\t<h3 class=\"elementor-post__title\">\n\t\t\t<a href=\"https:\/\/camzl.com\/pl\/mirami-video-chat\/\" >\n\t\t\t\tCzat wideo Mirami\t\t\t<\/a>\n\t\t<\/h3>\n\t\t\t\t<div class=\"elementor-post__excerpt\">\n\t\t\t<p>Wraz z post\u0119pem ery cyfrowej, sposoby, w jakie wchodzimy ze sob\u0105 w interakcje, wci\u0105\u017c ewoluuj\u0105, prowadz\u0105c do pojawienia si\u0119 prze\u0142omowych platform, takich jak Mirami Video Chat. Ta wyj\u0105tkowa us\u0142uga rewolucjonizuje \u015bwiat komunikacji online, oferuj\u0105c ekscytuj\u0105c\u0105 i<\/p>\n\t\t<\/div>\n\t\t\n\t\t<a class=\"elementor-post__read-more\" href=\"https:\/\/camzl.com\/pl\/mirami-video-chat\/\" aria-label=\"Przeczytaj wi\u0119cej o czacie wideo Mirami\" tabindex=\"-1\" >\n\t\t\tCzytaj wi\u0119cej &quot;\t\t<\/a>\n\n\t\t\t\t<\/div>\n\t\t\t\t\t<\/div>\n\t\t<\/article>\n\t\t\t\t<article class=\"elementor-post elementor-grid-item post-523 post type-post status-publish format-standard has-post-thumbnail hentry category-stranger-cam\">\n\t\t\t<div class=\"elementor-post__card\">\n\t\t\t\t<a class=\"elementor-post__thumbnail__link\" href=\"https:\/\/camzl.com\/pl\/talk-to-strangers\/\" tabindex=\"-1\" ><div class=\"elementor-post__thumbnail\"><img loading=\"lazy\" decoding=\"async\" width=\"768\" height=\"743\" src=\"https:\/\/camzl.com\/wp-content\/uploads\/2023\/05\/talk-to-strangers-camzl-768x743.jpg\" class=\"attachment-medium_large size-medium_large wp-image-554\" alt=\"talk to strangers camzl\" srcset=\"https:\/\/camzl.com\/wp-content\/uploads\/2023\/05\/talk-to-strangers-camzl-768x743.jpg 768w, https:\/\/camzl.com\/wp-content\/uploads\/2023\/05\/talk-to-strangers-camzl-300x290.jpg 300w, https:\/\/camzl.com\/wp-content\/uploads\/2023\/05\/talk-to-strangers-camzl.jpg 1000w\" sizes=\"(max-width: 768px) 100vw, 768px\" \/><\/div><\/a>\n\t\t\t\t<div class=\"elementor-post__badge\">nieznajoma kamera<\/div>\n\t\t\t\t<div class=\"elementor-post__avatar\">\n\t\t\t<img alt='CAMZL' src='https:\/\/secure.gravatar.com\/avatar\/c17ff7be0b83e7ecaf7f28ebe1557e14?s=128&#038;d=mm&#038;r=g' srcset='https:\/\/secure.gravatar.com\/avatar\/c17ff7be0b83e7ecaf7f28ebe1557e14?s=256&#038;d=mm&#038;r=g 2x' class='avatar avatar-128 photo' height='128' width='128' \/>\t\t<\/div>\n\t\t\t\t<div class=\"elementor-post__text\">\n\t\t\t\t<h3 class=\"elementor-post__title\">\n\t\t\t<a href=\"https:\/\/camzl.com\/pl\/talk-to-strangers\/\" >\n\t\t\t\tRozmowa z nieznajomymi\t\t\t<\/a>\n\t\t<\/h3>\n\t\t\t\t<div class=\"elementor-post__excerpt\">\n\t\t\t<p>Spis tre\u015bci W dzisiejszym, coraz bardziej po\u0142\u0105czonym \u015bwiecie, nawi\u0105zywanie kontaktu z lud\u017ami z r\u00f3\u017cnych kultur, \u015brodowisk i styl\u00f3w \u017cycia sta\u0142o si\u0119 \u0142atwiejsze ni\u017c kiedykolwiek. Platformy czat\u00f3w wideo i rozm\u00f3w z nieznajomymi sta\u0142y si\u0119 popularnym sposobem na wype\u0142nienie tych luk, zapewniaj\u0105c indywidualno\u015bci<\/p>\n\t\t<\/div>\n\t\t\n\t\t<a class=\"elementor-post__read-more\" href=\"https:\/\/camzl.com\/pl\/talk-to-strangers\/\" aria-label=\"Przeczytaj wi\u0119cej o Porozmawiaj z nieznajomymi\" tabindex=\"-1\" >\n\t\t\tCzytaj wi\u0119cej &quot;\t\t<\/a>\n\n\t\t\t\t<\/div>\n\t\t\t\t\t<\/div>\n\t\t<\/article>\n\t\t\t\t<article class=\"elementor-post elementor-grid-item post-502 post type-post status-publish format-standard has-post-thumbnail hentry category-stranger-cam\">\n\t\t\t<div class=\"elementor-post__card\">\n\t\t\t\t<a class=\"elementor-post__thumbnail__link\" href=\"https:\/\/camzl.com\/pl\/random-video-chat\/\" tabindex=\"-1\" ><div class=\"elementor-post__thumbnail\"><img loading=\"lazy\" decoding=\"async\" width=\"768\" height=\"548\" src=\"https:\/\/camzl.com\/wp-content\/uploads\/2023\/03\/random-video-chat-camzl-768x548.jpg\" class=\"attachment-medium_large size-medium_large wp-image-520\" alt=\"random video chat camzl\" srcset=\"https:\/\/camzl.com\/wp-content\/uploads\/2023\/03\/random-video-chat-camzl-768x548.jpg 768w, https:\/\/camzl.com\/wp-content\/uploads\/2023\/03\/random-video-chat-camzl-300x214.jpg 300w, https:\/\/camzl.com\/wp-content\/uploads\/2023\/03\/random-video-chat-camzl.jpg 1000w\" sizes=\"(max-width: 768px) 100vw, 768px\" \/><\/div><\/a>\n\t\t\t\t<div class=\"elementor-post__badge\">nieznajoma kamera<\/div>\n\t\t\t\t<div class=\"elementor-post__avatar\">\n\t\t\t<img alt='CAMZL' src='https:\/\/secure.gravatar.com\/avatar\/c17ff7be0b83e7ecaf7f28ebe1557e14?s=128&#038;d=mm&#038;r=g' srcset='https:\/\/secure.gravatar.com\/avatar\/c17ff7be0b83e7ecaf7f28ebe1557e14?s=256&#038;d=mm&#038;r=g 2x' class='avatar avatar-128 photo' height='128' width='128' \/>\t\t<\/div>\n\t\t\t\t<div class=\"elementor-post__text\">\n\t\t\t\t<h3 class=\"elementor-post__title\">\n\t\t\t<a href=\"https:\/\/camzl.com\/pl\/random-video-chat\/\" >\n\t\t\t\tOdkryj \u015bwiat mo\u017cliwo\u015bci dzi\u0119ki losowemu czatowi wideo\t\t\t<\/a>\n\t\t<\/h3>\n\t\t\t\t<div class=\"elementor-post__excerpt\">\n\t\t\t<p>Random Video Chat zaprasza Ci\u0119 do przy\u0142\u0105czenia si\u0119 do wirtualnej przygody, kt\u00f3ra przyniesie Ci nowe znajomo\u015bci, ekscytuj\u0105ce rozmowy i nieko\u0144cz\u0105ce si\u0119 mo\u017cliwo\u015bci. Nasza platforma jest idealnym miejscem do znalezienia przyjaci\u00f3\u0142 z r\u00f3\u017cnych \u015brodowisk lub po prostu nawi\u0105zania znajomo\u015bci. Spis tre\u015bci<\/p>\n\t\t<\/div>\n\t\t\n\t\t<a class=\"elementor-post__read-more\" href=\"https:\/\/camzl.com\/pl\/random-video-chat\/\" aria-label=\"Przeczytaj wi\u0119cej o Odkryj \u015bwiat mo\u017cliwo\u015bci dzi\u0119ki losowemu czacie wideo\" tabindex=\"-1\" >\n\t\t\tCzytaj wi\u0119cej &quot;\t\t<\/a>\n\n\t\t\t\t<\/div>\n\t\t\t\t\t<\/div>\n\t\t<\/article>\n\t\t\t\t<\/div>\n\t\t\t\t\t<span class=\"e-load-more-spinner\">\n\t\t\t\t<i aria-hidden=\"true\" class=\"fas fa-spinner\"><\/i>\t\t\t<\/span>\n\t\t\n\t\t\t\t<div class=\"e-load-more-anchor\" data-page=\"1\" data-max-page=\"2\" data-next-page=\"https:\/\/camzl.com\/pl\/wp-json\/wp\/v2\/pages\/77\/page\/2\/\"><\/div>\n\t\t\t\t<div class=\"e-load-more-message\"><\/div>\n\t\t\t\t<\/div>\n\t\t\t\t<\/div>\n\t\t\t\t\t<\/div>\n\t\t<\/div>\n\t\t\t\t\t<\/div>\n\t\t<\/section>\n\t\t\t\t<\/div>","protected":false},"excerpt":{"rendered":"<p>Alternatywy dla czat\u00f3w wideo<\/p>","protected":false},"author":1,"featured_media":0,"parent":0,"menu_order":0,"comment_status":"closed","ping_status":"closed","template":"elementor_header_footer","meta":{"footnotes":""},"class_list":["post-77","page","type-page","status-publish","hentry"],"yoast_head":"<!-- This site is optimized with the Yoast SEO Premium plugin v19.3 (Yoast SEO v19.7.1) - https:\/\/yoast.com\/wordpress\/plugins\/seo\/ -->\n<title>Video Chat - CAM ZL<\/title>\n<meta name=\"robots\" content=\"index, follow, max-snippet:-1, max-image-preview:large, max-video-preview:-1\" \/>\n<link rel=\"canonical\" href=\"https:\/\/camzl.com\/pl\/video-chat\/\" \/>\n<meta property=\"og:locale\" content=\"pl_PL\" \/>\n<meta property=\"og:type\" content=\"article\" \/>\n<meta property=\"og:title\" content=\"Video Chat\" \/>\n<meta property=\"og:description\" content=\"Video Chat Alternatives\" \/>\n<meta property=\"og:url\" content=\"https:\/\/camzl.com\/pl\/video-chat\/\" \/>\n<meta property=\"og:site_name\" content=\"CAM ZL\" \/>\n<meta property=\"article:modified_time\" content=\"2023-03-05T14:34:17+00:00\" \/>\n<meta name=\"twitter:card\" content=\"summary_large_image\" \/>\n<meta name=\"twitter:label1\" content=\"Szacowany czas czytania\" \/>\n\t<meta name=\"twitter:data1\" content=\"2 minuty\" \/>\n<script type=\"application\/ld+json\" class=\"yoast-schema-graph\">{\"@context\":\"https:\/\/schema.org\",\"@graph\":[{\"@type\":\"WebPage\",\"@id\":\"https:\/\/camzl.com\/video-chat\/\",\"url\":\"https:\/\/camzl.com\/video-chat\/\",\"name\":\"Video Chat - CAM ZL\",\"isPartOf\":{\"@id\":\"https:\/\/camzl.com\/#website\"},\"datePublished\":\"2022-12-01T19:23:06+00:00\",\"dateModified\":\"2023-03-05T14:34:17+00:00\",\"breadcrumb\":{\"@id\":\"https:\/\/camzl.com\/video-chat\/#breadcrumb\"},\"inLanguage\":\"pl-PL\",\"potentialAction\":[{\"@type\":\"ReadAction\",\"target\":[\"https:\/\/camzl.com\/video-chat\/\"]}]},{\"@type\":\"BreadcrumbList\",\"@id\":\"https:\/\/camzl.com\/video-chat\/#breadcrumb\",\"itemListElement\":[{\"@type\":\"ListItem\",\"position\":1,\"name\":\"Home\",\"item\":\"https:\/\/camzl.com\/\"},{\"@type\":\"ListItem\",\"position\":2,\"name\":\"Video Chat\"}]},{\"@type\":\"WebSite\",\"@id\":\"https:\/\/camzl.com\/#website\",\"url\":\"https:\/\/camzl.com\/\",\"name\":\"CAM ZL\",\"description\":\"Lucky Crush Alternative\",\"publisher\":{\"@id\":\"https:\/\/camzl.com\/#organization\"},\"potentialAction\":[{\"@type\":\"SearchAction\",\"target\":{\"@type\":\"EntryPoint\",\"urlTemplate\":\"https:\/\/camzl.com\/?s={search_term_string}\"},\"query-input\":\"required name=search_term_string\"}],\"inLanguage\":\"pl-PL\"},{\"@type\":\"Organization\",\"@id\":\"https:\/\/camzl.com\/#organization\",\"name\":\"CAM ZL\",\"url\":\"https:\/\/camzl.com\/\",\"sameAs\":[],\"logo\":{\"@type\":\"ImageObject\",\"inLanguage\":\"pl-PL\",\"@id\":\"https:\/\/camzl.com\/#\/schema\/logo\/image\/\",\"url\":\"https:\/\/camzl.com\/wp-content\/uploads\/2022\/11\/logo.jpg\",\"contentUrl\":\"https:\/\/camzl.com\/wp-content\/uploads\/2022\/11\/logo.jpg\",\"width\":1024,\"height\":1024,\"caption\":\"CAM ZL\"},\"image\":{\"@id\":\"https:\/\/camzl.com\/#\/schema\/logo\/image\/\"}}]}<\/script>\n<!-- \/ Yoast SEO Premium plugin. -->","yoast_head_json":{"title":"Video Chat - CAM ZL","robots":{"index":"index","follow":"follow","max-snippet":"max-snippet:-1","max-image-preview":"max-image-preview:large","max-video-preview":"max-video-preview:-1"},"canonical":"https:\/\/camzl.com\/pl\/video-chat\/","og_locale":"pl_PL","og_type":"article","og_title":"Video Chat","og_description":"Video Chat Alternatives","og_url":"https:\/\/camzl.com\/pl\/video-chat\/","og_site_name":"CAM ZL","article_modified_time":"2023-03-05T14:34:17+00:00","twitter_card":"summary_large_image","twitter_misc":{"Szacowany czas czytania":"2 minuty"},"schema":{"@context":"https:\/\/schema.org","@graph":[{"@type":"WebPage","@id":"https:\/\/camzl.com\/video-chat\/","url":"https:\/\/camzl.com\/video-chat\/","name":"Video Chat - CAM ZL","isPartOf":{"@id":"https:\/\/camzl.com\/#website"},"datePublished":"2022-12-01T19:23:06+00:00","dateModified":"2023-03-05T14:34:17+00:00","breadcrumb":{"@id":"https:\/\/camzl.com\/video-chat\/#breadcrumb"},"inLanguage":"pl-PL","potentialAction":[{"@type":"ReadAction","target":["https:\/\/camzl.com\/video-chat\/"]}]},{"@type":"BreadcrumbList","@id":"https:\/\/camzl.com\/video-chat\/#breadcrumb","itemListElement":[{"@type":"ListItem","position":1,"name":"Home","item":"https:\/\/camzl.com\/"},{"@type":"ListItem","position":2,"name":"Video Chat"}]},{"@type":"WebSite","@id":"https:\/\/camzl.com\/#website","url":"https:\/\/camzl.com\/","name":"CAM ZL","description":"Lucky Crush Alternative","publisher":{"@id":"https:\/\/camzl.com\/#organization"},"potentialAction":[{"@type":"SearchAction","target":{"@type":"EntryPoint","urlTemplate":"https:\/\/camzl.com\/?s={search_term_string}"},"query-input":"required name=search_term_string"}],"inLanguage":"pl-PL"},{"@type":"Organization","@id":"https:\/\/camzl.com\/#organization","name":"CAM ZL","url":"https:\/\/camzl.com\/","sameAs":[],"logo":{"@type":"ImageObject","inLanguage":"pl-PL","@id":"https:\/\/camzl.com\/#\/schema\/logo\/image\/","url":"https:\/\/camzl.com\/wp-content\/uploads\/2022\/11\/logo.jpg","contentUrl":"https:\/\/camzl.com\/wp-content\/uploads\/2022\/11\/logo.jpg","width":1024,"height":1024,"caption":"CAM ZL"},"image":{"@id":"https:\/\/camzl.com\/#\/schema\/logo\/image\/"}}]}},"_links":{"self":[{"href":"https:\/\/camzl.com\/pl\/wp-json\/wp\/v2\/pages\/77"}],"collection":[{"href":"https:\/\/camzl.com\/pl\/wp-json\/wp\/v2\/pages"}],"about":[{"href":"https:\/\/camzl.com\/pl\/wp-json\/wp\/v2\/types\/page"}],"author":[{"embeddable":true,"href":"https:\/\/camzl.com\/pl\/wp-json\/wp\/v2\/users\/1"}],"replies":[{"embeddable":true,"href":"https:\/\/camzl.com\/pl\/wp-json\/wp\/v2\/comments?post=77"}],"version-history":[{"count":17,"href":"https:\/\/camzl.com\/pl\/wp-json\/wp\/v2\/pages\/77\/revisions"}],"predecessor-version":[{"id":336,"href":"https:\/\/camzl.com\/pl\/wp-json\/wp\/v2\/pages\/77\/revisions\/336"}],"wp:attachment":[{"href":"https:\/\/camzl.com\/pl\/wp-json\/wp\/v2\/media?parent=77"}],"curies":[{"name":"wp","href":"https:\/\/api.w.org\/{rel}","templated":true}]}}